{"id":282,"date":"2025-03-17T14:57:35","date_gmt":"2025-03-17T14:57:35","guid":{"rendered":"https:\/\/qcnutri.com\/about\/"},"modified":"2025-04-08T03:58:00","modified_gmt":"2025-04-08T03:58:00","slug":"about","status":"publish","type":"page","link":"https:\/\/qcnutri.com\/es\/about\/","title":{"rendered":"About"},"content":{"rendered":"<div data-elementor-type=\"wp-page\" data-elementor-id=\"282\" class=\"elementor elementor-282\" data-elementor-post-type=\"page\">\n\t\t\t\t<div class=\"elementor-element elementor-element-1fa3a59 e-flex e-con-boxed e-con e-parent\" data-id=\"1fa3a59\" data-element_type=\"container\" data-settings=\"{&quot;background_background&quot;:&quot;classic&quot;}\">\n\t\t\t\t\t<div class=\"e-con-inner\">\n\t\t\t\t<div class=\"elementor-element elementor-element-b81dc12 elementor-widget__width-initial elementor-widget elementor-widget-heading\" data-id=\"b81dc12\" data-element_type=\"widget\" data-widget_type=\"heading.default\">\n\t\t\t\t<div class=\"elementor-widget-container\">\n\t\t\t\t\t<h1 class=\"elementor-heading-title elementor-size-default\">Qui\u00e9nes somos<\/h1>\t\t\t\t<\/div>\n\t\t\t\t<\/div>\n\t\t\t\t\t<\/div>\n\t\t\t\t<\/div>\n\t\t\t\t<section class=\"elementor-section elementor-top-section elementor-element elementor-element-q7vpitc elementor-section-content-middle elementor-section-boxed elementor-section-height-default elementor-section-height-default\" data-id=\"q7vpitc\" data-element_type=\"section\" data-settings=\"{&quot;background_background&quot;:&quot;classic&quot;}\">\n\t\t\t\t\t\t<div class=\"elementor-container elementor-column-gap-no\">\n\t\t\t\t\t<div class=\"elementor-column elementor-col-50 elementor-top-column elementor-element elementor-element-258231d\" data-id=\"258231d\" data-element_type=\"column\">\n\t\t\t<div class=\"elementor-widget-wrap elementor-element-populated\">\n\t\t\t\t\t\t<div class=\"elementor-element elementor-element-4f6265e elementor-widget elementor-widget-text-editor\" data-id=\"4f6265e\" data-element_type=\"widget\" data-widget_type=\"text-editor.default\">\n\t\t\t\t<div class=\"elementor-widget-container\">\n\t\t\t\t\t\t\t\t\t<h5 style=\"text-align: center;\"><strong>PT Nutrisi Kakao Indonesia, primer fabricante indonesio de cacao en polvo<\/strong><\/h5><p>Fundada en 2015 en Java, el exuberante centro de cultivo de cacao de Indonesia, Nutrisi Kakao se ha convertido en un socio de fabricaci\u00f3n de cacao en polvo reconocido en todo el mundo. Aprovechando el rico suelo volc\u00e1nico de Indonesia y generaciones de experiencia en el cultivo de cacao, operamos instalaciones de producci\u00f3n avanzadas para ofrecer soluciones de cacao en polvo de calidad alimentaria a marcas de chocolate, panader\u00edas y mayoristas en m\u00e1s de 30 pa\u00edses.<\/p>\t\t\t\t\t\t\t\t<\/div>\n\t\t\t\t<\/div>\n\t\t\t\t\t<\/div>\n\t\t<\/div>\n\t\t\t\t<div class=\"elementor-column elementor-col-50 elementor-top-column elementor-element elementor-element-ca44c59\" data-id=\"ca44c59\" data-element_type=\"column\" data-settings=\"{&quot;background_background&quot;:&quot;classic&quot;}\">\n\t\t\t<div class=\"elementor-widget-wrap elementor-element-populated\">\n\t\t\t\t\t\t<div class=\"elementor-element elementor-element-7e01216 elementor-widget elementor-widget-image\" data-id=\"7e01216\" data-element_type=\"widget\" data-widget_type=\"image.default\">\n\t\t\t\t<div class=\"elementor-widget-container\">\n\t\t\t\t\t\t\t\t\t\t\t\t\t\t\t<img fetchpriority=\"high\" decoding=\"async\" width=\"1280\" height=\"1280\" src=\"https:\/\/qcnutri.com\/wp-content\/uploads\/2025\/03\/\u5fae\u4fe1\u56fe\u7247_20250321170030.jpg\" class=\"attachment-full size-full wp-image-937\" alt=\"\" srcset=\"https:\/\/qcnutri.com\/wp-content\/uploads\/2025\/03\/\u5fae\u4fe1\u56fe\u7247_20250321170030.jpg 1280w, https:\/\/qcnutri.com\/wp-content\/uploads\/2025\/03\/\u5fae\u4fe1\u56fe\u7247_20250321170030-300x300.jpg 300w, https:\/\/qcnutri.com\/wp-content\/uploads\/2025\/03\/\u5fae\u4fe1\u56fe\u7247_20250321170030-1024x1024.jpg 1024w, https:\/\/qcnutri.com\/wp-content\/uploads\/2025\/03\/\u5fae\u4fe1\u56fe\u7247_20250321170030-150x150.jpg 150w, https:\/\/qcnutri.com\/wp-content\/uploads\/2025\/03\/\u5fae\u4fe1\u56fe\u7247_20250321170030-768x768.jpg 768w, https:\/\/qcnutri.com\/wp-content\/uploads\/2025\/03\/\u5fae\u4fe1\u56fe\u7247_20250321170030-12x12.jpg 12w\" sizes=\"(max-width: 1280px) 100vw, 1280px\" \/>\t\t\t\t\t\t\t\t\t\t\t\t\t\t\t<\/div>\n\t\t\t\t<\/div>\n\t\t\t\t\t<\/div>\n\t\t<\/div>\n\t\t\t\t\t<\/div>\n\t\t<\/section>\n\t\t<div class=\"elementor-element elementor-element-cd98858 e-flex e-con-boxed e-con e-parent\" data-id=\"cd98858\" data-element_type=\"container\">\n\t\t\t\t\t<div class=\"e-con-inner\">\n\t\t\t\t<div class=\"elementor-element elementor-element-52e7da2 elementor-widget-divider--view-line elementor-widget elementor-widget-divider\" data-id=\"52e7da2\" data-element_type=\"widget\" data-widget_type=\"divider.default\">\n\t\t\t\t<div class=\"elementor-widget-container\">\n\t\t\t\t\t\t\t<div class=\"elementor-divider\">\n\t\t\t<span class=\"elementor-divider-separator\">\n\t\t\t\t\t\t<\/span>\n\t\t<\/div>\n\t\t\t\t\t\t<\/div>\n\t\t\t\t<\/div>\n\t\t\t\t\t<\/div>\n\t\t\t\t<\/div>\n\t\t\t\t<section class=\"elementor-section elementor-top-section elementor-element elementor-element-dqgz9kf elementor-section-boxed elementor-section-height-default elementor-section-height-default\" data-id=\"dqgz9kf\" data-element_type=\"section\" data-settings=\"{&quot;background_background&quot;:&quot;classic&quot;}\">\n\t\t\t\t\t\t<div class=\"elementor-container elementor-column-gap-default\">\n\t\t\t\t\t<div class=\"elementor-column elementor-col-50 elementor-top-column elementor-element elementor-element-9abba43\" data-id=\"9abba43\" data-element_type=\"column\" data-settings=\"{&quot;background_background&quot;:&quot;classic&quot;}\">\n\t\t\t<div class=\"elementor-widget-wrap elementor-element-populated\">\n\t\t\t\t\t\t<div class=\"elementor-element elementor-element-4245b55 elementor-widget elementor-widget-image\" data-id=\"4245b55\" data-element_type=\"widget\" data-widget_type=\"image.default\">\n\t\t\t\t<div class=\"elementor-widget-container\">\n\t\t\t\t\t\t\t\t\t\t\t\t\t\t\t<img decoding=\"async\" width=\"1707\" height=\"1280\" src=\"https:\/\/qcnutri.com\/wp-content\/uploads\/2025\/03\/\u5fae\u4fe1\u56fe\u7247_20250321170039.jpg\" class=\"attachment-full size-full wp-image-938\" alt=\"\" srcset=\"https:\/\/qcnutri.com\/wp-content\/uploads\/2025\/03\/\u5fae\u4fe1\u56fe\u7247_20250321170039.jpg 1707w, https:\/\/qcnutri.com\/wp-content\/uploads\/2025\/03\/\u5fae\u4fe1\u56fe\u7247_20250321170039-300x225.jpg 300w, https:\/\/qcnutri.com\/wp-content\/uploads\/2025\/03\/\u5fae\u4fe1\u56fe\u7247_20250321170039-1024x768.jpg 1024w, https:\/\/qcnutri.com\/wp-content\/uploads\/2025\/03\/\u5fae\u4fe1\u56fe\u7247_20250321170039-768x576.jpg 768w, https:\/\/qcnutri.com\/wp-content\/uploads\/2025\/03\/\u5fae\u4fe1\u56fe\u7247_20250321170039-1536x1152.jpg 1536w, https:\/\/qcnutri.com\/wp-content\/uploads\/2025\/03\/\u5fae\u4fe1\u56fe\u7247_20250321170039-16x12.jpg 16w\" sizes=\"(max-width: 1707px) 100vw, 1707px\" \/>\t\t\t\t\t\t\t\t\t\t\t\t\t\t\t<\/div>\n\t\t\t\t<\/div>\n\t\t\t\t\t<\/div>\n\t\t<\/div>\n\t\t\t\t<div class=\"elementor-column elementor-col-50 elementor-top-column elementor-element elementor-element-f088365\" data-id=\"f088365\" data-element_type=\"column\">\n\t\t\t<div class=\"elementor-widget-wrap elementor-element-populated\">\n\t\t\t\t\t\t<div class=\"elementor-element elementor-element-01dd3f1 elementor-widget elementor-widget-text-editor\" data-id=\"01dd3f1\" data-element_type=\"widget\" data-widget_type=\"text-editor.default\">\n\t\t\t\t<div class=\"elementor-widget-container\">\n\t\t\t\t\t\t\t\t\t<h3 style=\"text-align: left;\">Competencias b\u00e1sicas<\/h3><p style=\"text-align: left;\">1. Origen indonesio, calidad de confianza mundial<\/p><p style=\"text-align: left;\">Nuestra base de producci\u00f3n colaborativa en Bandung, Java Occidental, trabaja directamente con cooperativas agr\u00edcolas locales certificadas por Rainforest Alliance. Desde la selecci\u00f3n de los granos hasta el envasado final, cada lote cumple las normas ISO 22000, HACCP y Halal, garantizando perfiles de sabor consistentes y el cumplimiento de la seguridad alimentaria.<\/p><p>\u00a0<\/p><p style=\"text-align: left;\">2.Fabricaci\u00f3n de precisi\u00f3n y personalizaci\u00f3n<\/p><p style=\"text-align: left;\">Equipados con l\u00edneas de producci\u00f3n de ingenier\u00eda europea, estamos especializados en:<\/p><p style=\"text-align: left;\">Control de alcalinizaci\u00f3n: Niveles de pH personalizados (6,8-8,5) para diversas aplicaciones.<\/p><p style=\"text-align: left;\">Ajuste del contenido de grasa: Contenido de grasa 10%-24%<\/p><p style=\"text-align: left;\">Granulometr\u00eda: 200 mesh molienda ultrafina<\/p><p style=\"text-align: left;\">Servicios de marca blanca: OEM\/ODM para compradores al por mayor<\/p><p>\u00a0<\/p><p style=\"text-align: left;\">3. Pruebas de laboratorio rigurosas y certificaci\u00f3n de lotes espec\u00edficos<\/p><p style=\"text-align: left;\">Nuestro laboratorio, con certificaci\u00f3n ISO\/IEC 17025, comprueba cada lote de producci\u00f3n:<\/p><p style=\"text-align: left;\">An\u00e1lisis qu\u00edmico: Contenido de grasa (\u00b10,5% control de varianza), pH, humedad (&lt;5%)<\/p><p style=\"text-align: left;\">Cribado de contaminantes: Recuentos microbianos (TVC &lt; 10\u2074 UFC\/g)<\/p><p style=\"text-align: left;\">M\u00e9tricas de consistencia: Color, sabor<\/p>\t\t\t\t\t\t\t\t<\/div>\n\t\t\t\t<\/div>\n\t\t\t\t\t<\/div>\n\t\t<\/div>\n\t\t\t\t\t<\/div>\n\t\t<\/section>\n\t\t\t\t<\/div>","protected":false},"excerpt":{"rendered":"<p>About Us PT Nutrisi Kakao Indonesia, Indonesia&#8217;s Leading Cocoa Powder Manufacturer Established in 2015 amidst Indonesia&#8217;s lush cocoa-growing heartland of Java, Nutrisi Kakao has evolved into a globally recognized cocoa powder manufacturing partner. Leveraging Indonesia\u2019s rich volcanic soil and generations of cocoa cultivation expertise, we operate advanced production facilities to deliver food-grade cocoa powder solutions [&hellip;]<\/p>","protected":false},"author":1,"featured_media":0,"parent":0,"menu_order":0,"comment_status":"closed","ping_status":"closed","template":"","meta":{"om_disable_all_campaigns":false,"_monsterinsights_skip_tracking":false,"_monsterinsights_sitenote_active":false,"_monsterinsights_sitenote_note":"","_monsterinsights_sitenote_category":0,"_uf_show_specific_survey":0,"_uf_disable_surveys":false,"site-sidebar-layout":"no-sidebar","site-content-layout":"","ast-site-content-layout":"full-width-container","site-content-style":"default","site-sidebar-style":"default","ast-global-header-display":"","ast-banner-title-visibility":"","ast-main-header-display":"","ast-hfb-above-header-display":"","ast-hfb-below-header-display":"","ast-hfb-mobile-header-display":"","site-post-title":"disabled","ast-breadcrumbs-content":"","ast-featured-img":"disabled","footer-sml-layout":"","theme-transparent-header-meta":"","adv-header-id-meta":"","stick-header-meta":"","header-above-stick-meta":"","header-main-stick-meta":"","header-below-stick-meta":"","astra-migrate-meta-layouts":"default","ast-page-background-enabled":"default","ast-page-background-meta":{"desktop":{"background-color":"var(--ast-global-color-4)","background-image":"","background-repeat":"repeat","background-position":"center center","background-size":"auto","background-attachment":"scroll","background-type":"","background-media":"","overlay-type":"","overlay-color":"","overlay-opacity":"","overlay-gradient":""},"tablet":{"background-color":"","background-image":"","background-repeat":"repeat","background-position":"center center","background-size":"auto","background-attachment":"scroll","background-type":"","background-media":"","overlay-type":"","overlay-color":"","overlay-opacity":"","overlay-gradient":""},"mobile":{"background-color":"","background-image":"","background-repeat":"repeat","background-position":"center center","background-size":"auto","background-attachment":"scroll","background-type":"","background-media":"","overlay-type":"","overlay-color":"","overlay-opacity":"","overlay-gradient":""}},"ast-content-background-meta":{"desktop":{"background-color":"var(--ast-global-color-5)","background-image":"","background-repeat":"repeat","background-position":"center center","background-size":"auto","background-attachment":"scroll","background-type":"","background-media":"","overlay-type":"","overlay-color":"","overlay-opacity":"","overlay-gradient":""},"tablet":{"background-color":"var(--ast-global-color-5)","background-image":"","background-repeat":"repeat","background-position":"center center","background-size":"auto","background-attachment":"scroll","background-type":"","background-media":"","overlay-type":"","overlay-color":"","overlay-opacity":"","overlay-gradient":""},"mobile":{"background-color":"var(--ast-global-color-5)","background-image":"","background-repeat":"repeat","background-position":"center center","background-size":"auto","background-attachment":"scroll","background-type":"","background-media":"","overlay-type":"","overlay-color":"","overlay-opacity":"","overlay-gradient":""}},"footnotes":""},"class_list":["post-282","page","type-page","status-publish","hentry"],"aioseo_notices":[],"_links":{"self":[{"href":"https:\/\/qcnutri.com\/es\/wp-json\/wp\/v2\/pages\/282","targetHints":{"allow":["GET"]}}],"collection":[{"href":"https:\/\/qcnutri.com\/es\/wp-json\/wp\/v2\/pages"}],"about":[{"href":"https:\/\/qcnutri.com\/es\/wp-json\/wp\/v2\/types\/page"}],"author":[{"embeddable":true,"href":"https:\/\/qcnutri.com\/es\/wp-json\/wp\/v2\/users\/1"}],"replies":[{"embeddable":true,"href":"https:\/\/qcnutri.com\/es\/wp-json\/wp\/v2\/comments?post=282"}],"version-history":[{"count":30,"href":"https:\/\/qcnutri.com\/es\/wp-json\/wp\/v2\/pages\/282\/revisions"}],"predecessor-version":[{"id":1174,"href":"https:\/\/qcnutri.com\/es\/wp-json\/wp\/v2\/pages\/282\/revisions\/1174"}],"wp:attachment":[{"href":"https:\/\/qcnutri.com\/es\/wp-json\/wp\/v2\/media?parent=282"}],"curies":[{"name":"wp","href":"https:\/\/api.w.org\/{rel}","templated":true}]}}