{"id":1002,"date":"2025-03-23T14:34:14","date_gmt":"2025-03-23T14:34:14","guid":{"rendered":"https:\/\/qcnutri.com\/?page_id=1002"},"modified":"2025-03-23T15:21:48","modified_gmt":"2025-03-23T15:21:48","slug":"products1","status":"publish","type":"page","link":"https:\/\/qcnutri.com\/fr\/products1\/","title":{"rendered":"products1"},"content":{"rendered":"<div data-elementor-type=\"wp-page\" data-elementor-id=\"1002\" class=\"elementor elementor-1002\" data-elementor-post-type=\"page\">\n\t\t\t\t<div class=\"elementor-element elementor-element-61de24dd e-flex e-con-boxed e-con e-parent\" data-id=\"61de24dd\" data-element_type=\"container\" data-settings=\"{&quot;background_background&quot;:&quot;classic&quot;}\">\n\t\t\t\t\t<div class=\"e-con-inner\">\n\t\t\t\t\t<\/div>\n\t\t\t\t<\/div>\n\t\t<div class=\"elementor-element elementor-element-3fabfe36 e-flex e-con-boxed e-con e-parent\" data-id=\"3fabfe36\" data-element_type=\"container\">\n\t\t\t\t\t<div class=\"e-con-inner\">\n\t\t<div class=\"elementor-element elementor-element-17b88769 e-con-full e-flex e-con e-child\" data-id=\"17b88769\" data-element_type=\"container\">\n\t\t\t\t<div class=\"elementor-element elementor-element-348a1bcd elementor-widget elementor-widget-image\" data-id=\"348a1bcd\" data-element_type=\"widget\" data-widget_type=\"image.default\">\n\t\t\t\t<div class=\"elementor-widget-container\">\n\t\t\t\t\t\t\t\t\t\t\t\t\t\t\t<img fetchpriority=\"high\" decoding=\"async\" width=\"768\" height=\"768\" src=\"https:\/\/qcnutri.com\/wp-content\/uploads\/2025\/03\/1-natural-cocoa-powder-1-768x768.jpg\" class=\"elementor-animation-grow attachment-medium_large size-medium_large wp-image-790\" alt=\"\" srcset=\"https:\/\/qcnutri.com\/wp-content\/uploads\/2025\/03\/1-natural-cocoa-powder-1-768x768.jpg 768w, https:\/\/qcnutri.com\/wp-content\/uploads\/2025\/03\/elementor\/thumbs\/1-natural-cocoa-powder-1-scaled-r31htv330e74vq3bvc1p90pbhenoyzy5ye7c5grz5k.jpg 300w, https:\/\/qcnutri.com\/wp-content\/uploads\/2025\/03\/elementor\/thumbs\/1-natural-cocoa-powder-1-scaled-r31htv3btwmwy2rk89ikjtxglccovb7yy6mdh7u9s0.jpg 1024w, https:\/\/qcnutri.com\/wp-content\/uploads\/2025\/03\/1-natural-cocoa-powder-1-150x150.jpg 150w, https:\/\/qcnutri.com\/wp-content\/uploads\/2025\/03\/1-natural-cocoa-powder-1-1536x1536.jpg 1536w, https:\/\/qcnutri.com\/wp-content\/uploads\/2025\/03\/1-natural-cocoa-powder-1-2048x2048.jpg 2048w, https:\/\/qcnutri.com\/wp-content\/uploads\/2025\/03\/1-natural-cocoa-powder-1-12x12.jpg 12w, https:\/\/qcnutri.com\/wp-content\/uploads\/2025\/03\/elementor\/thumbs\/1-natural-cocoa-powder-1-scaled-r31htv30kom9nprv1ibd0v0leq8fnhiq6t0zuntj3c.jpg 100w, https:\/\/qcnutri.com\/wp-content\/uploads\/2025\/03\/elementor\/thumbs\/1-natural-cocoa-powder-1-scaled-r31htv3488zkhq92a8wvd3joiqvbmr5vu6siav976o.jpg 400w\" sizes=\"(max-width: 768px) 100vw, 768px\" \/>\t\t\t\t\t\t\t\t\t\t\t\t\t\t\t<\/div>\n\t\t\t\t<\/div>\n\t\t\t\t<\/div>\n\t\t<div class=\"elementor-element elementor-element-45eadbcd e-con-full e-flex e-con e-child\" data-id=\"45eadbcd\" data-element_type=\"container\">\n\t\t\t\t<div class=\"elementor-element elementor-element-549d2a11 elementor-widget elementor-widget-heading\" data-id=\"549d2a11\" data-element_type=\"widget\" data-widget_type=\"heading.default\">\n\t\t\t\t<div class=\"elementor-widget-container\">\n\t\t\t\t\t<h2 class=\"elementor-heading-title elementor-size-default\">poudre de cacao naturel<\/h2>\t\t\t\t<\/div>\n\t\t\t\t<\/div>\n\t\t\t\t<div class=\"elementor-element elementor-element-2386fed7 elementor-widget elementor-widget-text-editor\" data-id=\"2386fed7\" data-element_type=\"widget\" data-widget_type=\"text-editor.default\">\n\t\t\t\t<div class=\"elementor-widget-container\">\n\t\t\t\t\t\t\t\t\t<p style=\"text-align: center;\">La poudre de cacao naturel se caract\u00e9rise par sa couleur brun clair, sa saveur am\u00e8re, son profil non sucr\u00e9 et son traitement non alcalin, ce qui la rend id\u00e9ale pour la p\u00e2tisserie et les boissons.<\/p>\t\t\t\t\t\t\t\t<\/div>\n\t\t\t\t<\/div>\n\t\t\t\t<div class=\"elementor-element elementor-element-171224c2 elementor-widget__width-initial elementor-widget elementor-widget-image\" data-id=\"171224c2\" data-element_type=\"widget\" data-widget_type=\"image.default\">\n\t\t\t\t<div class=\"elementor-widget-container\">\n\t\t\t\t\t\t\t\t\t\t\t\t\t\t\t<img decoding=\"async\" width=\"769\" height=\"371\" src=\"https:\/\/qcnutri.com\/wp-content\/uploads\/2025\/03\/1742738560936.png\" class=\"attachment-large size-large wp-image-960\" alt=\"\" srcset=\"https:\/\/qcnutri.com\/wp-content\/uploads\/2025\/03\/1742738560936.png 769w, https:\/\/qcnutri.com\/wp-content\/uploads\/2025\/03\/1742738560936-300x145.png 300w, https:\/\/qcnutri.com\/wp-content\/uploads\/2025\/03\/1742738560936-18x9.png 18w\" sizes=\"(max-width: 769px) 100vw, 769px\" \/>\t\t\t\t\t\t\t\t\t\t\t\t\t\t\t<\/div>\n\t\t\t\t<\/div>\n\t\t\t\t<div class=\"elementor-element elementor-element-258db8a0 elementor-align-center elementor-widget elementor-widget-button\" data-id=\"258db8a0\" data-element_type=\"widget\" data-widget_type=\"button.default\">\n\t\t\t\t<div class=\"elementor-widget-container\">\n\t\t\t\t\t\t\t\t\t<div class=\"elementor-button-wrapper\">\n\t\t\t\t\t<a class=\"elementor-button elementor-button-link elementor-size-sm elementor-animation-grow\" href=\"https:\/\/qcnutri.com\/fr\/contact\/\">\n\t\t\t\t\t\t<span class=\"elementor-button-content-wrapper\">\n\t\t\t\t\t\t\t\t\t<span class=\"elementor-button-text\">Nous contacter<\/span>\n\t\t\t\t\t<\/span>\n\t\t\t\t\t<\/a>\n\t\t\t\t<\/div>\n\t\t\t\t\t\t\t\t<\/div>\n\t\t\t\t<\/div>\n\t\t\t\t<\/div>\n\t\t\t\t\t<\/div>\n\t\t\t\t<\/div>\n\t\t\t\t<\/div>","protected":false},"excerpt":{"rendered":"<p>natural cocoa powder Natural cocoa powder is characterized by its light\u00a0brown color, bitter flavor, unsweetened profile, and non-alkalized processing, making it ideal for baking and beverages. Contact Us<\/p>","protected":false},"author":1,"featured_media":0,"parent":0,"menu_order":0,"comment_status":"closed","ping_status":"closed","template":"","meta":{"om_disable_all_campaigns":false,"_monsterinsights_skip_tracking":false,"_monsterinsights_sitenote_active":false,"_monsterinsights_sitenote_note":"","_monsterinsights_sitenote_category":0,"_uf_show_specific_survey":0,"_uf_disable_surveys":false,"site-sidebar-layout":"no-sidebar","site-content-layout":"","ast-site-content-layout":"full-width-container","site-content-style":"default","site-sidebar-style":"default","ast-global-header-display":"","ast-banner-title-visibility":"","ast-main-header-display":"","ast-hfb-above-header-display":"","ast-hfb-below-header-display":"","ast-hfb-mobile-header-display":"","site-post-title":"disabled","ast-breadcrumbs-content":"","ast-featured-img":"disabled","footer-sml-layout":"","theme-transparent-header-meta":"","adv-header-id-meta":"","stick-header-meta":"","header-above-stick-meta":"","header-main-stick-meta":"","header-below-stick-meta":"","astra-migrate-meta-layouts":"default","ast-page-background-enabled":"default","ast-page-background-meta":{"desktop":{"background-color":"var(--ast-global-color-4)","background-image":"","background-repeat":"repeat","background-position":"center center","background-size":"auto","background-attachment":"scroll","background-type":"","background-media":"","overlay-type":"","overlay-color":"","overlay-opacity":"","overlay-gradient":""},"tablet":{"background-color":"","background-image":"","background-repeat":"repeat","background-position":"center center","background-size":"auto","background-attachment":"scroll","background-type":"","background-media":"","overlay-type":"","overlay-color":"","overlay-opacity":"","overlay-gradient":""},"mobile":{"background-color":"","background-image":"","background-repeat":"repeat","background-position":"center center","background-size":"auto","background-attachment":"scroll","background-type":"","background-media":"","overlay-type":"","overlay-color":"","overlay-opacity":"","overlay-gradient":""}},"ast-content-background-meta":{"desktop":{"background-color":"var(--ast-global-color-5)","background-image":"","background-repeat":"repeat","background-position":"center center","background-size":"auto","background-attachment":"scroll","background-type":"","background-media":"","overlay-type":"","overlay-color":"","overlay-opacity":"","overlay-gradient":""},"tablet":{"background-color":"var(--ast-global-color-5)","background-image":"","background-repeat":"repeat","background-position":"center center","background-size":"auto","background-attachment":"scroll","background-type":"","background-media":"","overlay-type":"","overlay-color":"","overlay-opacity":"","overlay-gradient":""},"mobile":{"background-color":"var(--ast-global-color-5)","background-image":"","background-repeat":"repeat","background-position":"center center","background-size":"auto","background-attachment":"scroll","background-type":"","background-media":"","overlay-type":"","overlay-color":"","overlay-opacity":"","overlay-gradient":""}},"footnotes":""},"class_list":["post-1002","page","type-page","status-publish","hentry"],"aioseo_notices":[],"_links":{"self":[{"href":"https:\/\/qcnutri.com\/fr\/wp-json\/wp\/v2\/pages\/1002","targetHints":{"allow":["GET"]}}],"collection":[{"href":"https:\/\/qcnutri.com\/fr\/wp-json\/wp\/v2\/pages"}],"about":[{"href":"https:\/\/qcnutri.com\/fr\/wp-json\/wp\/v2\/types\/page"}],"author":[{"embeddable":true,"href":"https:\/\/qcnutri.com\/fr\/wp-json\/wp\/v2\/users\/1"}],"replies":[{"embeddable":true,"href":"https:\/\/qcnutri.com\/fr\/wp-json\/wp\/v2\/comments?post=1002"}],"version-history":[{"count":7,"href":"https:\/\/qcnutri.com\/fr\/wp-json\/wp\/v2\/pages\/1002\/revisions"}],"predecessor-version":[{"id":1065,"href":"https:\/\/qcnutri.com\/fr\/wp-json\/wp\/v2\/pages\/1002\/revisions\/1065"}],"wp:attachment":[{"href":"https:\/\/qcnutri.com\/fr\/wp-json\/wp\/v2\/media?parent=1002"}],"curies":[{"name":"wp","href":"https:\/\/api.w.org\/{rel}","templated":true}]}}