{"id":1019,"date":"2025-03-23T14:42:43","date_gmt":"2025-03-23T14:42:43","guid":{"rendered":"https:\/\/qcnutri.com\/?page_id=1019"},"modified":"2025-03-23T15:20:13","modified_gmt":"2025-03-23T15:20:13","slug":"products6","status":"publish","type":"page","link":"https:\/\/qcnutri.com\/fr\/products6\/","title":{"rendered":"products6"},"content":{"rendered":"<div data-elementor-type=\"wp-page\" data-elementor-id=\"1019\" class=\"elementor elementor-1019\" data-elementor-post-type=\"page\">\n\t\t\t\t<div class=\"elementor-element elementor-element-6171a2fd e-flex e-con-boxed e-con e-parent\" data-id=\"6171a2fd\" data-element_type=\"container\" data-settings=\"{&quot;background_background&quot;:&quot;classic&quot;}\">\n\t\t\t\t\t<div class=\"e-con-inner\">\n\t\t\t\t\t<\/div>\n\t\t\t\t<\/div>\n\t\t<div class=\"elementor-element elementor-element-15f04a62 e-flex e-con-boxed e-con e-parent\" data-id=\"15f04a62\" data-element_type=\"container\">\n\t\t\t\t\t<div class=\"e-con-inner\">\n\t\t<div class=\"elementor-element elementor-element-65f8159d e-con-full e-flex e-con e-child\" data-id=\"65f8159d\" data-element_type=\"container\">\n\t\t\t\t<div class=\"elementor-element elementor-element-7fc98b13 elementor-widget elementor-widget-image\" data-id=\"7fc98b13\" data-element_type=\"widget\" data-widget_type=\"image.default\">\n\t\t\t\t<div class=\"elementor-widget-container\">\n\t\t\t\t\t\t\t\t\t\t\t\t\t\t\t<img fetchpriority=\"high\" decoding=\"async\" width=\"595\" height=\"379\" src=\"https:\/\/qcnutri.com\/wp-content\/uploads\/2025\/03\/6-PPP-cocoa-butter.png\" class=\"elementor-animation-grow attachment-medium_large size-medium_large wp-image-795\" alt=\"\" srcset=\"https:\/\/qcnutri.com\/wp-content\/uploads\/2025\/03\/6-PPP-cocoa-butter.png 595w, https:\/\/qcnutri.com\/wp-content\/uploads\/2025\/03\/6-PPP-cocoa-butter-300x191.png 300w, https:\/\/qcnutri.com\/wp-content\/uploads\/2025\/03\/6-PPP-cocoa-butter-18x12.png 18w\" sizes=\"(max-width: 595px) 100vw, 595px\" \/>\t\t\t\t\t\t\t\t\t\t\t\t\t\t\t<\/div>\n\t\t\t\t<\/div>\n\t\t\t\t<\/div>\n\t\t<div class=\"elementor-element elementor-element-25c5d2cc e-con-full e-flex e-con e-child\" data-id=\"25c5d2cc\" data-element_type=\"container\">\n\t\t\t\t<div class=\"elementor-element elementor-element-62af71bb elementor-widget elementor-widget-heading\" data-id=\"62af71bb\" data-element_type=\"widget\" data-widget_type=\"heading.default\">\n\t\t\t\t<div class=\"elementor-widget-container\">\n\t\t\t\t\t<h3 class=\"elementor-heading-title elementor-size-default\">Beurre de cacao press\u00e9 Pure Prime<\/h3>\t\t\t\t<\/div>\n\t\t\t\t<\/div>\n\t\t\t\t<div class=\"elementor-element elementor-element-53a53efa elementor-widget elementor-widget-text-editor\" data-id=\"53a53efa\" data-element_type=\"widget\" data-widget_type=\"text-editor.default\">\n\t\t\t\t<div class=\"elementor-widget-container\">\n\t\t\t\t\t\t\t\t\t<p style=\"text-align: center;\">Le beurre de cacao naturel se caract\u00e9rise par sa couleur jaune p\u00e2le, son l\u00e9ger ar\u00f4me de chocolat et son traitement par pression \u00e0 froid, ce qui le rend id\u00e9al pour la production de chocolat et les cosm\u00e9tiques.<\/p>\t\t\t\t\t\t\t\t<\/div>\n\t\t\t\t<\/div>\n\t\t\t\t<div class=\"elementor-element elementor-element-32a80e38 elementor-widget__width-initial elementor-widget elementor-widget-image\" data-id=\"32a80e38\" data-element_type=\"widget\" data-widget_type=\"image.default\">\n\t\t\t\t<div class=\"elementor-widget-container\">\n\t\t\t\t\t\t\t\t\t\t\t\t\t\t\t<img decoding=\"async\" width=\"772\" height=\"244\" src=\"https:\/\/qcnutri.com\/wp-content\/uploads\/2025\/03\/1742741083451.png\" class=\"attachment-large size-large wp-image-1021\" alt=\"\" srcset=\"https:\/\/qcnutri.com\/wp-content\/uploads\/2025\/03\/1742741083451.png 772w, https:\/\/qcnutri.com\/wp-content\/uploads\/2025\/03\/1742741083451-300x95.png 300w, https:\/\/qcnutri.com\/wp-content\/uploads\/2025\/03\/1742741083451-768x243.png 768w, https:\/\/qcnutri.com\/wp-content\/uploads\/2025\/03\/1742741083451-18x6.png 18w\" sizes=\"(max-width: 772px) 100vw, 772px\" \/>\t\t\t\t\t\t\t\t\t\t\t\t\t\t\t<\/div>\n\t\t\t\t<\/div>\n\t\t\t\t<div class=\"elementor-element elementor-element-325a9c67 elementor-align-center elementor-widget elementor-widget-button\" data-id=\"325a9c67\" data-element_type=\"widget\" data-widget_type=\"button.default\">\n\t\t\t\t<div class=\"elementor-widget-container\">\n\t\t\t\t\t\t\t\t\t<div class=\"elementor-button-wrapper\">\n\t\t\t\t\t<a class=\"elementor-button elementor-button-link elementor-size-sm elementor-animation-grow\" href=\"https:\/\/qcnutri.com\/fr\/contact\/\">\n\t\t\t\t\t\t<span class=\"elementor-button-content-wrapper\">\n\t\t\t\t\t\t\t\t\t<span class=\"elementor-button-text\">Nous contacter<\/span>\n\t\t\t\t\t<\/span>\n\t\t\t\t\t<\/a>\n\t\t\t\t<\/div>\n\t\t\t\t\t\t\t\t<\/div>\n\t\t\t\t<\/div>\n\t\t\t\t<\/div>\n\t\t\t\t\t<\/div>\n\t\t\t\t<\/div>\n\t\t\t\t<\/div>","protected":false},"excerpt":{"rendered":"<p>Pure Prime Pressed Cocoa Butter Natural cocoa butter is characterized by its pale yellow color, mild chocolate aroma, and cold-pressed processing, making it ideal for chocolate production and cosmetics. Contact Us<\/p>","protected":false},"author":1,"featured_media":0,"parent":0,"menu_order":0,"comment_status":"closed","ping_status":"closed","template":"","meta":{"om_disable_all_campaigns":false,"_monsterinsights_skip_tracking":false,"_monsterinsights_sitenote_active":false,"_monsterinsights_sitenote_note":"","_monsterinsights_sitenote_category":0,"_uf_show_specific_survey":0,"_uf_disable_surveys":false,"site-sidebar-layout":"no-sidebar","site-content-layout":"","ast-site-content-layout":"full-width-container","site-content-style":"default","site-sidebar-style":"default","ast-global-header-display":"","ast-banner-title-visibility":"","ast-main-header-display":"","ast-hfb-above-header-display":"","ast-hfb-below-header-display":"","ast-hfb-mobile-header-display":"","site-post-title":"disabled","ast-breadcrumbs-content":"","ast-featured-img":"disabled","footer-sml-layout":"","theme-transparent-header-meta":"","adv-header-id-meta":"","stick-header-meta":"","header-above-stick-meta":"","header-main-stick-meta":"","header-below-stick-meta":"","astra-migrate-meta-layouts":"default","ast-page-background-enabled":"default","ast-page-background-meta":{"desktop":{"background-color":"var(--ast-global-color-4)","background-image":"","background-repeat":"repeat","background-position":"center center","background-size":"auto","background-attachment":"scroll","background-type":"","background-media":"","overlay-type":"","overlay-color":"","overlay-opacity":"","overlay-gradient":""},"tablet":{"background-color":"","background-image":"","background-repeat":"repeat","background-position":"center center","background-size":"auto","background-attachment":"scroll","background-type":"","background-media":"","overlay-type":"","overlay-color":"","overlay-opacity":"","overlay-gradient":""},"mobile":{"background-color":"","background-image":"","background-repeat":"repeat","background-position":"center center","background-size":"auto","background-attachment":"scroll","background-type":"","background-media":"","overlay-type":"","overlay-color":"","overlay-opacity":"","overlay-gradient":""}},"ast-content-background-meta":{"desktop":{"background-color":"var(--ast-global-color-5)","background-image":"","background-repeat":"repeat","background-position":"center center","background-size":"auto","background-attachment":"scroll","background-type":"","background-media":"","overlay-type":"","overlay-color":"","overlay-opacity":"","overlay-gradient":""},"tablet":{"background-color":"var(--ast-global-color-5)","background-image":"","background-repeat":"repeat","background-position":"center center","background-size":"auto","background-attachment":"scroll","background-type":"","background-media":"","overlay-type":"","overlay-color":"","overlay-opacity":"","overlay-gradient":""},"mobile":{"background-color":"var(--ast-global-color-5)","background-image":"","background-repeat":"repeat","background-position":"center center","background-size":"auto","background-attachment":"scroll","background-type":"","background-media":"","overlay-type":"","overlay-color":"","overlay-opacity":"","overlay-gradient":""}},"footnotes":""},"class_list":["post-1019","page","type-page","status-publish","hentry"],"aioseo_notices":[],"_links":{"self":[{"href":"https:\/\/qcnutri.com\/fr\/wp-json\/wp\/v2\/pages\/1019","targetHints":{"allow":["GET"]}}],"collection":[{"href":"https:\/\/qcnutri.com\/fr\/wp-json\/wp\/v2\/pages"}],"about":[{"href":"https:\/\/qcnutri.com\/fr\/wp-json\/wp\/v2\/types\/page"}],"author":[{"embeddable":true,"href":"https:\/\/qcnutri.com\/fr\/wp-json\/wp\/v2\/users\/1"}],"replies":[{"embeddable":true,"href":"https:\/\/qcnutri.com\/fr\/wp-json\/wp\/v2\/comments?post=1019"}],"version-history":[{"count":7,"href":"https:\/\/qcnutri.com\/fr\/wp-json\/wp\/v2\/pages\/1019\/revisions"}],"predecessor-version":[{"id":1056,"href":"https:\/\/qcnutri.com\/fr\/wp-json\/wp\/v2\/pages\/1019\/revisions\/1056"}],"wp:attachment":[{"href":"https:\/\/qcnutri.com\/fr\/wp-json\/wp\/v2\/media?parent=1019"}],"curies":[{"name":"wp","href":"https:\/\/api.w.org\/{rel}","templated":true}]}}