{"id":1031,"date":"2025-03-23T14:47:32","date_gmt":"2025-03-23T14:47:32","guid":{"rendered":"https:\/\/qcnutri.com\/?page_id=1031"},"modified":"2025-03-23T15:20:30","modified_gmt":"2025-03-23T15:20:30","slug":"products7","status":"publish","type":"page","link":"https:\/\/qcnutri.com\/fr\/products7\/","title":{"rendered":"products7"},"content":{"rendered":"<div data-elementor-type=\"wp-page\" data-elementor-id=\"1031\" class=\"elementor elementor-1031\" data-elementor-post-type=\"page\">\n\t\t\t\t<div class=\"elementor-element elementor-element-1b1f5589 e-flex e-con-boxed e-con e-parent\" data-id=\"1b1f5589\" data-element_type=\"container\" data-settings=\"{&quot;background_background&quot;:&quot;classic&quot;}\">\n\t\t\t\t\t<div class=\"e-con-inner\">\n\t\t\t\t\t<\/div>\n\t\t\t\t<\/div>\n\t\t<div class=\"elementor-element elementor-element-5b74baa e-flex e-con-boxed e-con e-parent\" data-id=\"5b74baa\" data-element_type=\"container\">\n\t\t\t\t\t<div class=\"e-con-inner\">\n\t\t<div class=\"elementor-element elementor-element-3be2ab8 e-con-full e-flex e-con e-child\" data-id=\"3be2ab8\" data-element_type=\"container\">\n\t\t\t\t<div class=\"elementor-element elementor-element-2c624178 elementor-widget elementor-widget-image\" data-id=\"2c624178\" data-element_type=\"widget\" data-widget_type=\"image.default\">\n\t\t\t\t<div class=\"elementor-widget-container\">\n\t\t\t\t\t\t\t\t\t\t\t\t\t\t\t<img fetchpriority=\"high\" decoding=\"async\" width=\"768\" height=\"576\" src=\"https:\/\/qcnutri.com\/wp-content\/uploads\/2025\/03\/7-768x576.jpg\" class=\"elementor-animation-grow attachment-medium_large size-medium_large wp-image-950\" alt=\"\" srcset=\"https:\/\/qcnutri.com\/wp-content\/uploads\/2025\/03\/7-768x576.jpg 768w, https:\/\/qcnutri.com\/wp-content\/uploads\/2025\/03\/7-300x225.jpg 300w, https:\/\/qcnutri.com\/wp-content\/uploads\/2025\/03\/7-1024x768.jpg 1024w, https:\/\/qcnutri.com\/wp-content\/uploads\/2025\/03\/7-16x12.jpg 16w, https:\/\/qcnutri.com\/wp-content\/uploads\/2025\/03\/7.jpg 1152w\" sizes=\"(max-width: 768px) 100vw, 768px\" \/>\t\t\t\t\t\t\t\t\t\t\t\t\t\t\t<\/div>\n\t\t\t\t<\/div>\n\t\t\t\t<\/div>\n\t\t<div class=\"elementor-element elementor-element-4b0e2d93 e-con-full e-flex e-con e-child\" data-id=\"4b0e2d93\" data-element_type=\"container\">\n\t\t\t\t<div class=\"elementor-element elementor-element-754580a1 elementor-widget elementor-widget-heading\" data-id=\"754580a1\" data-element_type=\"widget\" data-widget_type=\"heading.default\">\n\t\t\t\t<div class=\"elementor-widget-container\">\n\t\t\t\t\t<h3 class=\"elementor-heading-title elementor-size-default\">Beurre de cacao d\u00e9sodoris\u00e9<\/h3>\t\t\t\t<\/div>\n\t\t\t\t<\/div>\n\t\t\t\t<div class=\"elementor-element elementor-element-61e2c130 elementor-widget elementor-widget-text-editor\" data-id=\"61e2c130\" data-element_type=\"widget\" data-widget_type=\"text-editor.default\">\n\t\t\t\t<div class=\"elementor-widget-container\">\n\t\t\t\t\t\t\t\t\t<p style=\"text-align: center;\">Le beurre de cacao d\u00e9sodoris\u00e9 se caract\u00e9rise par sa couleur blanche, son ar\u00f4me neutre et son traitement d\u00e9sodoris\u00e9, ce qui le rend id\u00e9al pour la production de chocolat et de cosm\u00e9tiques.<\/p>\t\t\t\t\t\t\t\t<\/div>\n\t\t\t\t<\/div>\n\t\t\t\t<div class=\"elementor-element elementor-element-72e942cf elementor-widget__width-initial elementor-widget elementor-widget-image\" data-id=\"72e942cf\" data-element_type=\"widget\" data-widget_type=\"image.default\">\n\t\t\t\t<div class=\"elementor-widget-container\">\n\t\t\t\t\t\t\t\t\t\t\t\t\t\t\t<img decoding=\"async\" width=\"772\" height=\"244\" src=\"https:\/\/qcnutri.com\/wp-content\/uploads\/2025\/03\/1742741083451.png\" class=\"attachment-large size-large wp-image-1021\" alt=\"\" srcset=\"https:\/\/qcnutri.com\/wp-content\/uploads\/2025\/03\/1742741083451.png 772w, https:\/\/qcnutri.com\/wp-content\/uploads\/2025\/03\/1742741083451-300x95.png 300w, https:\/\/qcnutri.com\/wp-content\/uploads\/2025\/03\/1742741083451-768x243.png 768w, https:\/\/qcnutri.com\/wp-content\/uploads\/2025\/03\/1742741083451-18x6.png 18w\" sizes=\"(max-width: 772px) 100vw, 772px\" \/>\t\t\t\t\t\t\t\t\t\t\t\t\t\t\t<\/div>\n\t\t\t\t<\/div>\n\t\t\t\t<div class=\"elementor-element elementor-element-63facc6d elementor-align-center elementor-widget elementor-widget-button\" data-id=\"63facc6d\" data-element_type=\"widget\" data-widget_type=\"button.default\">\n\t\t\t\t<div class=\"elementor-widget-container\">\n\t\t\t\t\t\t\t\t\t<div class=\"elementor-button-wrapper\">\n\t\t\t\t\t<a class=\"elementor-button elementor-button-link elementor-size-sm elementor-animation-grow\" href=\"https:\/\/qcnutri.com\/fr\/contact\/\">\n\t\t\t\t\t\t<span class=\"elementor-button-content-wrapper\">\n\t\t\t\t\t\t\t\t\t<span class=\"elementor-button-text\">Nous contacter<\/span>\n\t\t\t\t\t<\/span>\n\t\t\t\t\t<\/a>\n\t\t\t\t<\/div>\n\t\t\t\t\t\t\t\t<\/div>\n\t\t\t\t<\/div>\n\t\t\t\t<\/div>\n\t\t\t\t\t<\/div>\n\t\t\t\t<\/div>\n\t\t\t\t<\/div>","protected":false},"excerpt":{"rendered":"<p>Deodorized Cocoa Butter Deodorized cocoa butter is characterized by its white color, neutral aroma, and deodorized processing, making it ideal for chocolate production and cosmetics. Contact Us<\/p>","protected":false},"author":1,"featured_media":0,"parent":0,"menu_order":0,"comment_status":"closed","ping_status":"closed","template":"","meta":{"om_disable_all_campaigns":false,"_monsterinsights_skip_tracking":false,"_monsterinsights_sitenote_active":false,"_monsterinsights_sitenote_note":"","_monsterinsights_sitenote_category":0,"_uf_show_specific_survey":0,"_uf_disable_surveys":false,"site-sidebar-layout":"no-sidebar","site-content-layout":"","ast-site-content-layout":"full-width-container","site-content-style":"default","site-sidebar-style":"default","ast-global-header-display":"","ast-banner-title-visibility":"","ast-main-header-display":"","ast-hfb-above-header-display":"","ast-hfb-below-header-display":"","ast-hfb-mobile-header-display":"","site-post-title":"disabled","ast-breadcrumbs-content":"","ast-featured-img":"disabled","footer-sml-layout":"","theme-transparent-header-meta":"","adv-header-id-meta":"","stick-header-meta":"","header-above-stick-meta":"","header-main-stick-meta":"","header-below-stick-meta":"","astra-migrate-meta-layouts":"default","ast-page-background-enabled":"default","ast-page-background-meta":{"desktop":{"background-color":"var(--ast-global-color-4)","background-image":"","background-repeat":"repeat","background-position":"center center","background-size":"auto","background-attachment":"scroll","background-type":"","background-media":"","overlay-type":"","overlay-color":"","overlay-opacity":"","overlay-gradient":""},"tablet":{"background-color":"","background-image":"","background-repeat":"repeat","background-position":"center center","background-size":"auto","background-attachment":"scroll","background-type":"","background-media":"","overlay-type":"","overlay-color":"","overlay-opacity":"","overlay-gradient":""},"mobile":{"background-color":"","background-image":"","background-repeat":"repeat","background-position":"center center","background-size":"auto","background-attachment":"scroll","background-type":"","background-media":"","overlay-type":"","overlay-color":"","overlay-opacity":"","overlay-gradient":""}},"ast-content-background-meta":{"desktop":{"background-color":"var(--ast-global-color-5)","background-image":"","background-repeat":"repeat","background-position":"center center","background-size":"auto","background-attachment":"scroll","background-type":"","background-media":"","overlay-type":"","overlay-color":"","overlay-opacity":"","overlay-gradient":""},"tablet":{"background-color":"var(--ast-global-color-5)","background-image":"","background-repeat":"repeat","background-position":"center center","background-size":"auto","background-attachment":"scroll","background-type":"","background-media":"","overlay-type":"","overlay-color":"","overlay-opacity":"","overlay-gradient":""},"mobile":{"background-color":"var(--ast-global-color-5)","background-image":"","background-repeat":"repeat","background-position":"center center","background-size":"auto","background-attachment":"scroll","background-type":"","background-media":"","overlay-type":"","overlay-color":"","overlay-opacity":"","overlay-gradient":""}},"footnotes":""},"class_list":["post-1031","page","type-page","status-publish","hentry"],"aioseo_notices":[],"_links":{"self":[{"href":"https:\/\/qcnutri.com\/fr\/wp-json\/wp\/v2\/pages\/1031","targetHints":{"allow":["GET"]}}],"collection":[{"href":"https:\/\/qcnutri.com\/fr\/wp-json\/wp\/v2\/pages"}],"about":[{"href":"https:\/\/qcnutri.com\/fr\/wp-json\/wp\/v2\/types\/page"}],"author":[{"embeddable":true,"href":"https:\/\/qcnutri.com\/fr\/wp-json\/wp\/v2\/users\/1"}],"replies":[{"embeddable":true,"href":"https:\/\/qcnutri.com\/fr\/wp-json\/wp\/v2\/comments?post=1031"}],"version-history":[{"count":7,"href":"https:\/\/qcnutri.com\/fr\/wp-json\/wp\/v2\/pages\/1031\/revisions"}],"predecessor-version":[{"id":1059,"href":"https:\/\/qcnutri.com\/fr\/wp-json\/wp\/v2\/pages\/1031\/revisions\/1059"}],"wp:attachment":[{"href":"https:\/\/qcnutri.com\/fr\/wp-json\/wp\/v2\/media?parent=1031"}],"curies":[{"name":"wp","href":"https:\/\/api.w.org\/{rel}","templated":true}]}}