{"id":982,"date":"2025-03-23T14:22:01","date_gmt":"2025-03-23T14:22:01","guid":{"rendered":"https:\/\/qcnutri.com\/?page_id=982"},"modified":"2025-03-23T15:23:20","modified_gmt":"2025-03-23T15:23:20","slug":"products3","status":"publish","type":"page","link":"https:\/\/qcnutri.com\/fr\/products3\/","title":{"rendered":"products3"},"content":{"rendered":"<div data-elementor-type=\"wp-page\" data-elementor-id=\"982\" class=\"elementor elementor-982\" data-elementor-post-type=\"page\">\n\t\t\t\t<div class=\"elementor-element elementor-element-4870e1dd e-flex e-con-boxed e-con e-parent\" data-id=\"4870e1dd\" data-element_type=\"container\" data-settings=\"{&quot;background_background&quot;:&quot;classic&quot;}\">\n\t\t\t\t\t<div class=\"e-con-inner\">\n\t\t\t\t\t<\/div>\n\t\t\t\t<\/div>\n\t\t<div class=\"elementor-element elementor-element-3446747e e-flex e-con-boxed e-con e-parent\" data-id=\"3446747e\" data-element_type=\"container\">\n\t\t\t\t\t<div class=\"e-con-inner\">\n\t\t<div class=\"elementor-element elementor-element-348e8be1 e-con-full e-flex e-con e-child\" data-id=\"348e8be1\" data-element_type=\"container\">\n\t\t\t\t<div class=\"elementor-element elementor-element-6856008f elementor-widget elementor-widget-image\" data-id=\"6856008f\" data-element_type=\"widget\" data-widget_type=\"image.default\">\n\t\t\t\t<div class=\"elementor-widget-container\">\n\t\t\t\t\t\t\t\t\t\t\t\t\t\t\t<img decoding=\"async\" src=\"https:\/\/qcnutri.com\/wp-content\/uploads\/elementor\/thumbs\/3-reddish-brown-high-fat-1-scaled-r31hww4goqok7bhkr8f0ka1uqfgr7dnthsni7uo140.jpg\" title=\"3 brun rouge\u00e2tre riche en graisses\" alt=\"3 reddish brown high fat\" class=\"elementor-animation-grow\" loading=\"lazy\" \/>\t\t\t\t\t\t\t\t\t\t\t\t\t\t\t<\/div>\n\t\t\t\t<\/div>\n\t\t\t\t<\/div>\n\t\t<div class=\"elementor-element elementor-element-2f32e952 e-con-full e-flex e-con e-child\" data-id=\"2f32e952\" data-element_type=\"container\">\n\t\t\t\t<div class=\"elementor-element elementor-element-7a46fce2 elementor-widget elementor-widget-heading\" data-id=\"7a46fce2\" data-element_type=\"widget\" data-widget_type=\"heading.default\">\n\t\t\t\t<div class=\"elementor-widget-container\">\n\t\t\t\t\t<h3 class=\"elementor-heading-title elementor-size-default\">Poudre de cacao alcalinis\u00e9e brun fonc\u00e9<\/h3>\t\t\t\t<\/div>\n\t\t\t\t<\/div>\n\t\t\t\t<div class=\"elementor-element elementor-element-bf6a58d elementor-widget elementor-widget-text-editor\" data-id=\"bf6a58d\" data-element_type=\"widget\" data-widget_type=\"text-editor.default\">\n\t\t\t\t<div class=\"elementor-widget-container\">\n\t\t\t\t\t\t\t\t\t<p style=\"text-align: center;\">La poudre de cacao alcalinis\u00e9e brun fonc\u00e9 se caract\u00e9rise par sa couleur brun fonc\u00e9, sa saveur douce, son profil non sucr\u00e9 et son traitement hautement alcalin, ce qui la rend id\u00e9ale pour les p\u00e2tisseries et les boissons.<\/p>\t\t\t\t\t\t\t\t<\/div>\n\t\t\t\t<\/div>\n\t\t\t\t<div class=\"elementor-element elementor-element-d1efcdf elementor-widget__width-initial elementor-widget elementor-widget-image\" data-id=\"d1efcdf\" data-element_type=\"widget\" data-widget_type=\"image.default\">\n\t\t\t\t<div class=\"elementor-widget-container\">\n\t\t\t\t\t\t\t\t\t\t\t\t\t\t\t<img fetchpriority=\"high\" decoding=\"async\" width=\"732\" height=\"355\" src=\"https:\/\/qcnutri.com\/wp-content\/uploads\/2025\/03\/1742739716784.png\" class=\"attachment-large size-large wp-image-984\" alt=\"\" srcset=\"https:\/\/qcnutri.com\/wp-content\/uploads\/2025\/03\/1742739716784.png 732w, https:\/\/qcnutri.com\/wp-content\/uploads\/2025\/03\/1742739716784-300x145.png 300w, https:\/\/qcnutri.com\/wp-content\/uploads\/2025\/03\/1742739716784-18x9.png 18w\" sizes=\"(max-width: 732px) 100vw, 732px\" \/>\t\t\t\t\t\t\t\t\t\t\t\t\t\t\t<\/div>\n\t\t\t\t<\/div>\n\t\t\t\t<div class=\"elementor-element elementor-element-4d80aba2 elementor-align-center elementor-widget elementor-widget-button\" data-id=\"4d80aba2\" data-element_type=\"widget\" data-widget_type=\"button.default\">\n\t\t\t\t<div class=\"elementor-widget-container\">\n\t\t\t\t\t\t\t\t\t<div class=\"elementor-button-wrapper\">\n\t\t\t\t\t<a class=\"elementor-button elementor-button-link elementor-size-sm elementor-animation-grow\" href=\"https:\/\/qcnutri.com\/fr\/contact\/\">\n\t\t\t\t\t\t<span class=\"elementor-button-content-wrapper\">\n\t\t\t\t\t\t\t\t\t<span class=\"elementor-button-text\">Nous contacter<\/span>\n\t\t\t\t\t<\/span>\n\t\t\t\t\t<\/a>\n\t\t\t\t<\/div>\n\t\t\t\t\t\t\t\t<\/div>\n\t\t\t\t<\/div>\n\t\t\t\t<\/div>\n\t\t\t\t\t<\/div>\n\t\t\t\t<\/div>\n\t\t\t\t<\/div>","protected":false},"excerpt":{"rendered":"<p>Alkalized Cocoa Powder Dark Brown Dark brown alkalized cocoa powder is characterized by its deep brown color, mildest flavor, unsweetened profile, and highly alkalized processing, making it ideal for baking and beverages. Contact Us<\/p>","protected":false},"author":1,"featured_media":0,"parent":0,"menu_order":0,"comment_status":"closed","ping_status":"closed","template":"","meta":{"om_disable_all_campaigns":false,"_monsterinsights_skip_tracking":false,"_monsterinsights_sitenote_active":false,"_monsterinsights_sitenote_note":"","_monsterinsights_sitenote_category":0,"_uf_show_specific_survey":0,"_uf_disable_surveys":false,"site-sidebar-layout":"no-sidebar","site-content-layout":"","ast-site-content-layout":"full-width-container","site-content-style":"default","site-sidebar-style":"default","ast-global-header-display":"","ast-banner-title-visibility":"","ast-main-header-display":"","ast-hfb-above-header-display":"","ast-hfb-below-header-display":"","ast-hfb-mobile-header-display":"","site-post-title":"disabled","ast-breadcrumbs-content":"","ast-featured-img":"disabled","footer-sml-layout":"","theme-transparent-header-meta":"","adv-header-id-meta":"","stick-header-meta":"","header-above-stick-meta":"","header-main-stick-meta":"","header-below-stick-meta":"","astra-migrate-meta-layouts":"default","ast-page-background-enabled":"default","ast-page-background-meta":{"desktop":{"background-color":"var(--ast-global-color-4)","background-image":"","background-repeat":"repeat","background-position":"center center","background-size":"auto","background-attachment":"scroll","background-type":"","background-media":"","overlay-type":"","overlay-color":"","overlay-opacity":"","overlay-gradient":""},"tablet":{"background-color":"","background-image":"","background-repeat":"repeat","background-position":"center center","background-size":"auto","background-attachment":"scroll","background-type":"","background-media":"","overlay-type":"","overlay-color":"","overlay-opacity":"","overlay-gradient":""},"mobile":{"background-color":"","background-image":"","background-repeat":"repeat","background-position":"center center","background-size":"auto","background-attachment":"scroll","background-type":"","background-media":"","overlay-type":"","overlay-color":"","overlay-opacity":"","overlay-gradient":""}},"ast-content-background-meta":{"desktop":{"background-color":"var(--ast-global-color-5)","background-image":"","background-repeat":"repeat","background-position":"center center","background-size":"auto","background-attachment":"scroll","background-type":"","background-media":"","overlay-type":"","overlay-color":"","overlay-opacity":"","overlay-gradient":""},"tablet":{"background-color":"var(--ast-global-color-5)","background-image":"","background-repeat":"repeat","background-position":"center center","background-size":"auto","background-attachment":"scroll","background-type":"","background-media":"","overlay-type":"","overlay-color":"","overlay-opacity":"","overlay-gradient":""},"mobile":{"background-color":"var(--ast-global-color-5)","background-image":"","background-repeat":"repeat","background-position":"center center","background-size":"auto","background-attachment":"scroll","background-type":"","background-media":"","overlay-type":"","overlay-color":"","overlay-opacity":"","overlay-gradient":""}},"footnotes":""},"class_list":["post-982","page","type-page","status-publish","hentry"],"aioseo_notices":[],"_links":{"self":[{"href":"https:\/\/qcnutri.com\/fr\/wp-json\/wp\/v2\/pages\/982","targetHints":{"allow":["GET"]}}],"collection":[{"href":"https:\/\/qcnutri.com\/fr\/wp-json\/wp\/v2\/pages"}],"about":[{"href":"https:\/\/qcnutri.com\/fr\/wp-json\/wp\/v2\/types\/page"}],"author":[{"embeddable":true,"href":"https:\/\/qcnutri.com\/fr\/wp-json\/wp\/v2\/users\/1"}],"replies":[{"embeddable":true,"href":"https:\/\/qcnutri.com\/fr\/wp-json\/wp\/v2\/comments?post=982"}],"version-history":[{"count":7,"href":"https:\/\/qcnutri.com\/fr\/wp-json\/wp\/v2\/pages\/982\/revisions"}],"predecessor-version":[{"id":1071,"href":"https:\/\/qcnutri.com\/fr\/wp-json\/wp\/v2\/pages\/982\/revisions\/1071"}],"wp:attachment":[{"href":"https:\/\/qcnutri.com\/fr\/wp-json\/wp\/v2\/media?parent=982"}],"curies":[{"name":"wp","href":"https:\/\/api.w.org\/{rel}","templated":true}]}}