{"id":991,"date":"2025-03-23T14:27:31","date_gmt":"2025-03-23T14:27:31","guid":{"rendered":"https:\/\/qcnutri.com\/?page_id=991"},"modified":"2025-03-23T15:24:13","modified_gmt":"2025-03-23T15:24:13","slug":"products4","status":"publish","type":"page","link":"https:\/\/qcnutri.com\/fr\/products4\/","title":{"rendered":"products4"},"content":{"rendered":"<div data-elementor-type=\"wp-page\" data-elementor-id=\"991\" class=\"elementor elementor-991\" data-elementor-post-type=\"page\">\n\t\t\t\t<div class=\"elementor-element elementor-element-23cf47ed e-flex e-con-boxed e-con e-parent\" data-id=\"23cf47ed\" data-element_type=\"container\" data-settings=\"{&quot;background_background&quot;:&quot;classic&quot;}\">\n\t\t\t\t\t<div class=\"e-con-inner\">\n\t\t\t\t\t<\/div>\n\t\t\t\t<\/div>\n\t\t<div class=\"elementor-element elementor-element-6b9c7719 e-flex e-con-boxed e-con e-parent\" data-id=\"6b9c7719\" data-element_type=\"container\">\n\t\t\t\t\t<div class=\"e-con-inner\">\n\t\t<div class=\"elementor-element elementor-element-11ed27b0 e-con-full e-flex e-con e-child\" data-id=\"11ed27b0\" data-element_type=\"container\">\n\t\t\t\t<div class=\"elementor-element elementor-element-1baa8b0f elementor-widget elementor-widget-image\" data-id=\"1baa8b0f\" data-element_type=\"widget\" data-widget_type=\"image.default\">\n\t\t\t\t<div class=\"elementor-widget-container\">\n\t\t\t\t\t\t\t\t\t\t\t\t\t\t\t<img decoding=\"async\" src=\"https:\/\/qcnutri.com\/wp-content\/uploads\/elementor\/thumbs\/4-reddish-r31hyo1hlh424swqe01n9tx74mppqspkel0iuo19cw.jpg\" title=\"4 rouge\u00e2tre\" alt=\"4 reddish\" class=\"elementor-animation-grow\" loading=\"lazy\" \/>\t\t\t\t\t\t\t\t\t\t\t\t\t\t\t<\/div>\n\t\t\t\t<\/div>\n\t\t\t\t<\/div>\n\t\t<div class=\"elementor-element elementor-element-34ae5b7e e-con-full e-flex e-con e-child\" data-id=\"34ae5b7e\" data-element_type=\"container\">\n\t\t\t\t<div class=\"elementor-element elementor-element-4e92d380 elementor-widget elementor-widget-heading\" data-id=\"4e92d380\" data-element_type=\"widget\" data-widget_type=\"heading.default\">\n\t\t\t\t<div class=\"elementor-widget-container\">\n\t\t\t\t\t<h3 class=\"elementor-heading-title elementor-size-default\">Poudre de cacao alcalinis\u00e9e Brun rouge\u00e2tre<\/h3>\t\t\t\t<\/div>\n\t\t\t\t<\/div>\n\t\t\t\t<div class=\"elementor-element elementor-element-d9c4837 elementor-widget elementor-widget-text-editor\" data-id=\"d9c4837\" data-element_type=\"widget\" data-widget_type=\"text-editor.default\">\n\t\t\t\t<div class=\"elementor-widget-container\">\n\t\t\t\t\t\t\t\t\t<p style=\"text-align: center;\">La poudre de cacao brun rouge\u00e2tre se caract\u00e9rise par sa couleur rouge\u00e2tre, sa forte saveur de cacao, son profil non sucr\u00e9 et son traitement alcalin, ce qui la rend id\u00e9ale pour les p\u00e2tisseries et les boissons.<\/p>\t\t\t\t\t\t\t\t<\/div>\n\t\t\t\t<\/div>\n\t\t\t\t<div class=\"elementor-element elementor-element-1c13d50d elementor-widget__width-initial elementor-widget elementor-widget-image\" data-id=\"1c13d50d\" data-element_type=\"widget\" data-widget_type=\"image.default\">\n\t\t\t\t<div class=\"elementor-widget-container\">\n\t\t\t\t\t\t\t\t\t\t\t\t\t\t\t<img fetchpriority=\"high\" decoding=\"async\" width=\"712\" height=\"347\" src=\"https:\/\/qcnutri.com\/wp-content\/uploads\/2025\/03\/1742740072135.png\" class=\"attachment-large size-large wp-image-993\" alt=\"\" srcset=\"https:\/\/qcnutri.com\/wp-content\/uploads\/2025\/03\/1742740072135.png 712w, https:\/\/qcnutri.com\/wp-content\/uploads\/2025\/03\/1742740072135-300x146.png 300w, https:\/\/qcnutri.com\/wp-content\/uploads\/2025\/03\/1742740072135-18x9.png 18w\" sizes=\"(max-width: 712px) 100vw, 712px\" \/>\t\t\t\t\t\t\t\t\t\t\t\t\t\t\t<\/div>\n\t\t\t\t<\/div>\n\t\t\t\t<div class=\"elementor-element elementor-element-5c70bb92 elementor-align-center elementor-widget elementor-widget-button\" data-id=\"5c70bb92\" data-element_type=\"widget\" data-widget_type=\"button.default\">\n\t\t\t\t<div class=\"elementor-widget-container\">\n\t\t\t\t\t\t\t\t\t<div class=\"elementor-button-wrapper\">\n\t\t\t\t\t<a class=\"elementor-button elementor-button-link elementor-size-sm elementor-animation-grow\" href=\"https:\/\/qcnutri.com\/fr\/contact\/\">\n\t\t\t\t\t\t<span class=\"elementor-button-content-wrapper\">\n\t\t\t\t\t\t\t\t\t<span class=\"elementor-button-text\">Nous contacter<\/span>\n\t\t\t\t\t<\/span>\n\t\t\t\t\t<\/a>\n\t\t\t\t<\/div>\n\t\t\t\t\t\t\t\t<\/div>\n\t\t\t\t<\/div>\n\t\t\t\t<\/div>\n\t\t\t\t\t<\/div>\n\t\t\t\t<\/div>\n\t\t\t\t<\/div>","protected":false},"excerpt":{"rendered":"<p>Alkalized Cocoa Powder Reddish Brown Reddish-brown cocoa powder is characterized by its reddish color, strong\u00a0cocoa flavor, unsweetened profile, and alkalized processing, making it ideal for baking and beverages. Contact Us<\/p>","protected":false},"author":1,"featured_media":0,"parent":0,"menu_order":0,"comment_status":"closed","ping_status":"closed","template":"","meta":{"om_disable_all_campaigns":false,"_monsterinsights_skip_tracking":false,"_monsterinsights_sitenote_active":false,"_monsterinsights_sitenote_note":"","_monsterinsights_sitenote_category":0,"_uf_show_specific_survey":0,"_uf_disable_surveys":false,"site-sidebar-layout":"no-sidebar","site-content-layout":"","ast-site-content-layout":"full-width-container","site-content-style":"default","site-sidebar-style":"default","ast-global-header-display":"","ast-banner-title-visibility":"","ast-main-header-display":"","ast-hfb-above-header-display":"","ast-hfb-below-header-display":"","ast-hfb-mobile-header-display":"","site-post-title":"disabled","ast-breadcrumbs-content":"","ast-featured-img":"disabled","footer-sml-layout":"","theme-transparent-header-meta":"","adv-header-id-meta":"","stick-header-meta":"","header-above-stick-meta":"","header-main-stick-meta":"","header-below-stick-meta":"","astra-migrate-meta-layouts":"default","ast-page-background-enabled":"default","ast-page-background-meta":{"desktop":{"background-color":"var(--ast-global-color-4)","background-image":"","background-repeat":"repeat","background-position":"center center","background-size":"auto","background-attachment":"scroll","background-type":"","background-media":"","overlay-type":"","overlay-color":"","overlay-opacity":"","overlay-gradient":""},"tablet":{"background-color":"","background-image":"","background-repeat":"repeat","background-position":"center center","background-size":"auto","background-attachment":"scroll","background-type":"","background-media":"","overlay-type":"","overlay-color":"","overlay-opacity":"","overlay-gradient":""},"mobile":{"background-color":"","background-image":"","background-repeat":"repeat","background-position":"center center","background-size":"auto","background-attachment":"scroll","background-type":"","background-media":"","overlay-type":"","overlay-color":"","overlay-opacity":"","overlay-gradient":""}},"ast-content-background-meta":{"desktop":{"background-color":"var(--ast-global-color-5)","background-image":"","background-repeat":"repeat","background-position":"center center","background-size":"auto","background-attachment":"scroll","background-type":"","background-media":"","overlay-type":"","overlay-color":"","overlay-opacity":"","overlay-gradient":""},"tablet":{"background-color":"var(--ast-global-color-5)","background-image":"","background-repeat":"repeat","background-position":"center center","background-size":"auto","background-attachment":"scroll","background-type":"","background-media":"","overlay-type":"","overlay-color":"","overlay-opacity":"","overlay-gradient":""},"mobile":{"background-color":"var(--ast-global-color-5)","background-image":"","background-repeat":"repeat","background-position":"center center","background-size":"auto","background-attachment":"scroll","background-type":"","background-media":"","overlay-type":"","overlay-color":"","overlay-opacity":"","overlay-gradient":""}},"footnotes":""},"class_list":["post-991","page","type-page","status-publish","hentry"],"aioseo_notices":[],"_links":{"self":[{"href":"https:\/\/qcnutri.com\/fr\/wp-json\/wp\/v2\/pages\/991","targetHints":{"allow":["GET"]}}],"collection":[{"href":"https:\/\/qcnutri.com\/fr\/wp-json\/wp\/v2\/pages"}],"about":[{"href":"https:\/\/qcnutri.com\/fr\/wp-json\/wp\/v2\/types\/page"}],"author":[{"embeddable":true,"href":"https:\/\/qcnutri.com\/fr\/wp-json\/wp\/v2\/users\/1"}],"replies":[{"embeddable":true,"href":"https:\/\/qcnutri.com\/fr\/wp-json\/wp\/v2\/comments?post=991"}],"version-history":[{"count":7,"href":"https:\/\/qcnutri.com\/fr\/wp-json\/wp\/v2\/pages\/991\/revisions"}],"predecessor-version":[{"id":1074,"href":"https:\/\/qcnutri.com\/fr\/wp-json\/wp\/v2\/pages\/991\/revisions\/1074"}],"wp:attachment":[{"href":"https:\/\/qcnutri.com\/fr\/wp-json\/wp\/v2\/media?parent=991"}],"curies":[{"name":"wp","href":"https:\/\/api.w.org\/{rel}","templated":true}]}}